{"id":4299,"date":"2023-09-14T11:42:43","date_gmt":"2023-09-14T09:42:43","guid":{"rendered":"http:\/\/allerheiligen.ch.decimus.sui-inter.net\/?post_type=product&#038;p=4299"},"modified":"2023-09-21T08:23:51","modified_gmt":"2023-09-21T06:23:51","slug":"moche-1000-jahre-vor-den-inka","status":"publish","type":"product","link":"https:\/\/allerheiligen.ch\/en\/produkt\/moche-1000-jahre-vor-den-inka\/","title":{"rendered":"Moche 1000 Jahre vor den Inka"},"content":{"rendered":"<p>MOCHE<\/p>\n<p class=\"untertitel_blau\">1000 Jahre vor den Inka<\/p>\n<p class=\"detail_kurztext\">Die Moche-Kultur existierte etwa von 100\u2013800 n. Chr. und erlebte um das Jahr 500 ihre Hochbl\u00fcte. Die Moche waren hoch entwickelte Kunsthandwerker: Ihre T\u00f6pfer schufen meisterhafte Figurengef\u00e4\u00dfe und Keramiken mit exquisitem feinmalerischen Dekor, die Metallurgen kreierten aus Gold, Silber und Kupfer kostbarste Preziosen.<\/p>\n<div class=\"detail_langtext\">\n<p class=\"detail_header header_spacer\">BESCHREIBUNG<\/p>\n<p class=\"detail_langtext\">Die wichtigste Hinterlassenschaft der Moche ist ihre Keramik, auch keramische Bibliothek genannt. S\u00e4mtliche Lebensbereiche sind darin dargestellt, die Objekte erz\u00e4hlen von Alltag und Ritualen, geben Hinweise zur politischen Elite und zur b\u00e4uerlichen Basis der Gesellschaft. Das Grundlagenwerk pr\u00e4sentiert die Moche-Kultur umfassend, es finden sich \u00fcber 200 hochkar\u00e4tige Objekte der Sammlung Ebn\u00f6ther, gew\u00fcrdigt von f\u00fchrenden Moche-Expertinnen und -Experten.<\/p>\n<\/div>\n<p>Herausgegeben von Werner Rutishauser<br \/>\n2023, 296 Seiten<\/p>\n","protected":false},"excerpt":{"rendered":"<p>MOCHE 1000 Jahre vor den Inka Die Moche-Kultur existierte etwa von 100\u2013800 n. Chr. und erlebte um das Jahr 500 ihre Hochbl\u00fcte. Die Moche waren hoch entwickelte Kunsthandwerker: Ihre T\u00f6pfer schufen meisterhafte Figurengef\u00e4\u00dfe und Keramiken mit exquisitem feinmalerischen Dekor, die Metallurgen kreierten aus Gold, Silber und Kupfer kostbarste Preziosen. BESCHREIBUNG Die wichtigste Hinterlassenschaft der Moche &hellip; <a href=\"https:\/\/allerheiligen.ch\/en\/produkt\/moche-1000-jahre-vor-den-inka\/\">Continued<\/a><\/p>\n","protected":false},"featured_media":4296,"template":"","meta":{"_acf_changed":false,"inline_featured_image":false},"product_brand":[],"product_cat":[101,92],"product_tag":[],"class_list":{"0":"post-4299","1":"product","2":"type-product","3":"status-publish","4":"has-post-thumbnail","6":"product_cat-neuste-publikationen","7":"product_cat-archaeologische-sammlung-ebnoether","9":"first","10":"instock","11":"shipping-taxable","12":"purchasable","13":"product-type-simple"},"acf":[],"yoast_head":"<!-- This site is optimized with the Yoast SEO plugin v27.4 - https:\/\/yoast.com\/product\/yoast-seo-wordpress\/ -->\n<title>Moche 1000 Jahre vor den Inka - Museum zu Allerheiligen<\/title>\n<meta name=\"robots\" content=\"index, follow, max-snippet:-1, max-image-preview:large, max-video-preview:-1\" \/>\n<link rel=\"canonical\" href=\"https:\/\/allerheiligen.ch\/en\/produkt\/moche-1000-jahre-vor-den-inka\/\" \/>\n<meta property=\"og:locale\" content=\"en_GB\" \/>\n<meta property=\"og:type\" content=\"article\" \/>\n<meta property=\"og:title\" content=\"Moche 1000 Jahre vor den Inka - Museum zu Allerheiligen\" \/>\n<meta property=\"og:description\" content=\"MOCHE 1000 Jahre vor den Inka Die Moche-Kultur existierte etwa von 100\u2013800 n. Chr. und erlebte um das Jahr 500 ihre Hochbl\u00fcte. Die Moche waren hoch entwickelte Kunsthandwerker: Ihre T\u00f6pfer schufen meisterhafte Figurengef\u00e4\u00dfe und Keramiken mit exquisitem feinmalerischen Dekor, die Metallurgen kreierten aus Gold, Silber und Kupfer kostbarste Preziosen. BESCHREIBUNG Die wichtigste Hinterlassenschaft der Moche &hellip; Continued\" \/>\n<meta property=\"og:url\" content=\"https:\/\/allerheiligen.ch\/en\/produkt\/moche-1000-jahre-vor-den-inka\/\" \/>\n<meta property=\"og:site_name\" content=\"Museum zu Allerheiligen\" \/>\n<meta property=\"article:modified_time\" content=\"2023-09-21T06:23:51+00:00\" \/>\n<meta property=\"og:image\" content=\"https:\/\/allerheiligen.ch\/wp-content\/uploads\/2023\/09\/61iiqv-dUNL._AC_UF10001000_QL80_.jpg\" \/>\n\t<meta property=\"og:image:width\" content=\"758\" \/>\n\t<meta property=\"og:image:height\" content=\"1000\" \/>\n\t<meta property=\"og:image:type\" content=\"image\/jpeg\" \/>\n<meta name=\"twitter:card\" content=\"summary_large_image\" \/>\n<meta name=\"twitter:label1\" content=\"Estimated reading time\" \/>\n\t<meta name=\"twitter:data1\" content=\"1 minute\" \/>\n<script type=\"application\/ld+json\" class=\"yoast-schema-graph\">{\"@context\":\"https:\\\/\\\/schema.org\",\"@graph\":[{\"@type\":\"WebPage\",\"@id\":\"https:\\\/\\\/allerheiligen.ch\\\/en\\\/produkt\\\/moche-1000-jahre-vor-den-inka\\\/\",\"url\":\"https:\\\/\\\/allerheiligen.ch\\\/en\\\/produkt\\\/moche-1000-jahre-vor-den-inka\\\/\",\"name\":\"Moche 1000 Jahre vor den Inka - Museum zu Allerheiligen\",\"isPartOf\":{\"@id\":\"https:\\\/\\\/allerheiligen.ch\\\/en\\\/#website\"},\"primaryImageOfPage\":{\"@id\":\"https:\\\/\\\/allerheiligen.ch\\\/en\\\/produkt\\\/moche-1000-jahre-vor-den-inka\\\/#primaryimage\"},\"image\":{\"@id\":\"https:\\\/\\\/allerheiligen.ch\\\/en\\\/produkt\\\/moche-1000-jahre-vor-den-inka\\\/#primaryimage\"},\"thumbnailUrl\":\"https:\\\/\\\/allerheiligen.ch\\\/wp-content\\\/uploads\\\/2023\\\/09\\\/61iiqv-dUNL._AC_UF10001000_QL80_.jpg\",\"datePublished\":\"2023-09-14T09:42:43+00:00\",\"dateModified\":\"2023-09-21T06:23:51+00:00\",\"breadcrumb\":{\"@id\":\"https:\\\/\\\/allerheiligen.ch\\\/en\\\/produkt\\\/moche-1000-jahre-vor-den-inka\\\/#breadcrumb\"},\"inLanguage\":\"en-GB\",\"potentialAction\":[{\"@type\":\"ReadAction\",\"target\":[\"https:\\\/\\\/allerheiligen.ch\\\/en\\\/produkt\\\/moche-1000-jahre-vor-den-inka\\\/\"]}]},{\"@type\":\"ImageObject\",\"inLanguage\":\"en-GB\",\"@id\":\"https:\\\/\\\/allerheiligen.ch\\\/en\\\/produkt\\\/moche-1000-jahre-vor-den-inka\\\/#primaryimage\",\"url\":\"https:\\\/\\\/allerheiligen.ch\\\/wp-content\\\/uploads\\\/2023\\\/09\\\/61iiqv-dUNL._AC_UF10001000_QL80_.jpg\",\"contentUrl\":\"https:\\\/\\\/allerheiligen.ch\\\/wp-content\\\/uploads\\\/2023\\\/09\\\/61iiqv-dUNL._AC_UF10001000_QL80_.jpg\",\"width\":758,\"height\":1000},{\"@type\":\"BreadcrumbList\",\"@id\":\"https:\\\/\\\/allerheiligen.ch\\\/en\\\/produkt\\\/moche-1000-jahre-vor-den-inka\\\/#breadcrumb\",\"itemListElement\":[{\"@type\":\"ListItem\",\"position\":1,\"name\":\"Startseite\",\"item\":\"https:\\\/\\\/allerheiligen.ch\\\/en\\\/\"},{\"@type\":\"ListItem\",\"position\":2,\"name\":\"Online-Shop\",\"item\":\"https:\\\/\\\/allerheiligen.ch\\\/besuchen\\\/shop\\\/\"},{\"@type\":\"ListItem\",\"position\":3,\"name\":\"Moche 1000 Jahre vor den Inka\"}]},{\"@type\":\"WebSite\",\"@id\":\"https:\\\/\\\/allerheiligen.ch\\\/en\\\/#website\",\"url\":\"https:\\\/\\\/allerheiligen.ch\\\/en\\\/\",\"name\":\"Museum zu Allerheiligen\",\"description\":\"Das Museum zu Allerheiligen und das Museum Stemmler freuen sich auf Ihren Besuch.\",\"potentialAction\":[{\"@type\":\"SearchAction\",\"target\":{\"@type\":\"EntryPoint\",\"urlTemplate\":\"https:\\\/\\\/allerheiligen.ch\\\/en\\\/?s={search_term_string}\"},\"query-input\":{\"@type\":\"PropertyValueSpecification\",\"valueRequired\":true,\"valueName\":\"search_term_string\"}}],\"inLanguage\":\"en-GB\"}]}<\/script>\n<!-- \/ Yoast SEO plugin. -->","yoast_head_json":{"title":"Moche 1000 Jahre vor den Inka - Museum zu Allerheiligen","robots":{"index":"index","follow":"follow","max-snippet":"max-snippet:-1","max-image-preview":"max-image-preview:large","max-video-preview":"max-video-preview:-1"},"canonical":"https:\/\/allerheiligen.ch\/en\/produkt\/moche-1000-jahre-vor-den-inka\/","og_locale":"en_GB","og_type":"article","og_title":"Moche 1000 Jahre vor den Inka - Museum zu Allerheiligen","og_description":"MOCHE 1000 Jahre vor den Inka Die Moche-Kultur existierte etwa von 100\u2013800 n. Chr. und erlebte um das Jahr 500 ihre Hochbl\u00fcte. Die Moche waren hoch entwickelte Kunsthandwerker: Ihre T\u00f6pfer schufen meisterhafte Figurengef\u00e4\u00dfe und Keramiken mit exquisitem feinmalerischen Dekor, die Metallurgen kreierten aus Gold, Silber und Kupfer kostbarste Preziosen. BESCHREIBUNG Die wichtigste Hinterlassenschaft der Moche &hellip; Continued","og_url":"https:\/\/allerheiligen.ch\/en\/produkt\/moche-1000-jahre-vor-den-inka\/","og_site_name":"Museum zu Allerheiligen","article_modified_time":"2023-09-21T06:23:51+00:00","og_image":[{"width":758,"height":1000,"url":"https:\/\/allerheiligen.ch\/wp-content\/uploads\/2023\/09\/61iiqv-dUNL._AC_UF10001000_QL80_.jpg","type":"image\/jpeg"}],"twitter_card":"summary_large_image","twitter_misc":{"Estimated reading time":"1 minute"},"schema":{"@context":"https:\/\/schema.org","@graph":[{"@type":"WebPage","@id":"https:\/\/allerheiligen.ch\/en\/produkt\/moche-1000-jahre-vor-den-inka\/","url":"https:\/\/allerheiligen.ch\/en\/produkt\/moche-1000-jahre-vor-den-inka\/","name":"Moche 1000 Jahre vor den Inka - Museum zu Allerheiligen","isPartOf":{"@id":"https:\/\/allerheiligen.ch\/en\/#website"},"primaryImageOfPage":{"@id":"https:\/\/allerheiligen.ch\/en\/produkt\/moche-1000-jahre-vor-den-inka\/#primaryimage"},"image":{"@id":"https:\/\/allerheiligen.ch\/en\/produkt\/moche-1000-jahre-vor-den-inka\/#primaryimage"},"thumbnailUrl":"https:\/\/allerheiligen.ch\/wp-content\/uploads\/2023\/09\/61iiqv-dUNL._AC_UF10001000_QL80_.jpg","datePublished":"2023-09-14T09:42:43+00:00","dateModified":"2023-09-21T06:23:51+00:00","breadcrumb":{"@id":"https:\/\/allerheiligen.ch\/en\/produkt\/moche-1000-jahre-vor-den-inka\/#breadcrumb"},"inLanguage":"en-GB","potentialAction":[{"@type":"ReadAction","target":["https:\/\/allerheiligen.ch\/en\/produkt\/moche-1000-jahre-vor-den-inka\/"]}]},{"@type":"ImageObject","inLanguage":"en-GB","@id":"https:\/\/allerheiligen.ch\/en\/produkt\/moche-1000-jahre-vor-den-inka\/#primaryimage","url":"https:\/\/allerheiligen.ch\/wp-content\/uploads\/2023\/09\/61iiqv-dUNL._AC_UF10001000_QL80_.jpg","contentUrl":"https:\/\/allerheiligen.ch\/wp-content\/uploads\/2023\/09\/61iiqv-dUNL._AC_UF10001000_QL80_.jpg","width":758,"height":1000},{"@type":"BreadcrumbList","@id":"https:\/\/allerheiligen.ch\/en\/produkt\/moche-1000-jahre-vor-den-inka\/#breadcrumb","itemListElement":[{"@type":"ListItem","position":1,"name":"Startseite","item":"https:\/\/allerheiligen.ch\/en\/"},{"@type":"ListItem","position":2,"name":"Online-Shop","item":"https:\/\/allerheiligen.ch\/besuchen\/shop\/"},{"@type":"ListItem","position":3,"name":"Moche 1000 Jahre vor den Inka"}]},{"@type":"WebSite","@id":"https:\/\/allerheiligen.ch\/en\/#website","url":"https:\/\/allerheiligen.ch\/en\/","name":"Museum zu Allerheiligen","description":"Das Museum zu Allerheiligen und das Museum Stemmler freuen sich auf Ihren Besuch.","potentialAction":[{"@type":"SearchAction","target":{"@type":"EntryPoint","urlTemplate":"https:\/\/allerheiligen.ch\/en\/?s={search_term_string}"},"query-input":{"@type":"PropertyValueSpecification","valueRequired":true,"valueName":"search_term_string"}}],"inLanguage":"en-GB"}]}},"_links":{"self":[{"href":"https:\/\/allerheiligen.ch\/en\/wp-json\/wp\/v2\/product\/4299","targetHints":{"allow":["GET"]}}],"collection":[{"href":"https:\/\/allerheiligen.ch\/en\/wp-json\/wp\/v2\/product"}],"about":[{"href":"https:\/\/allerheiligen.ch\/en\/wp-json\/wp\/v2\/types\/product"}],"wp:featuredmedia":[{"embeddable":true,"href":"https:\/\/allerheiligen.ch\/en\/wp-json\/wp\/v2\/media\/4296"}],"wp:attachment":[{"href":"https:\/\/allerheiligen.ch\/en\/wp-json\/wp\/v2\/media?parent=4299"}],"wp:term":[{"taxonomy":"product_brand","embeddable":true,"href":"https:\/\/allerheiligen.ch\/en\/wp-json\/wp\/v2\/product_brand?post=4299"},{"taxonomy":"product_cat","embeddable":true,"href":"https:\/\/allerheiligen.ch\/en\/wp-json\/wp\/v2\/product_cat?post=4299"},{"taxonomy":"product_tag","embeddable":true,"href":"https:\/\/allerheiligen.ch\/en\/wp-json\/wp\/v2\/product_tag?post=4299"}],"curies":[{"name":"wp","href":"https:\/\/api.w.org\/{rel}","templated":true}]}}