{"id":4688,"date":"2023-10-26T12:29:47","date_gmt":"2023-10-26T10:29:47","guid":{"rendered":"http:\/\/allerheiligen.ch.decimus.sui-inter.net\/?post_type=product&#038;p=4688"},"modified":"2024-08-20T11:35:31","modified_gmt":"2024-08-20T09:35:31","slug":"reto-mueller","status":"publish","type":"product","link":"https:\/\/allerheiligen.ch\/en\/produkt\/reto-mueller\/","title":{"rendered":"Reto M\u00fcller. Le nombril du monde"},"content":{"rendered":"<p>Mit der Ausstellung &#8220;Le nombril du monde&#8221; im Museum zu Allerheiligen in Schaffhausen schafft der K\u00fcnstler ein weites imagin\u00e4res Feld, einen M\u00f6glichkeitsraum zwischen Geologie, lokaler Mythologie und Industriegeschichte, zwischen Absicht und Zufall, Momentaufnahme und Erz\u00e4hlung. Der gleichnamige Katalog dient als Erweiterung der Ausstellung.<\/p>\n<p>Reto M\u00fcller er\u00f6rtert im Gespr\u00e4ch mit Roland Fr\u00fch und Barbara Signer verschiedene Bez\u00fcge, Interessen und die Verbindungen innerhalb seiner k\u00fcnstlerischen Praxis. Isabelle K\u00f6pfli reflektiert in ihrem Text Reto M\u00fcllers Werke und die Ausstellung aus kuratorischer Perspektive. Die Werkfotografien von Sebastian Stadler sind so angeordnet, dass sie uns auf eine narrative Reise durch das Museum mitnehmen und die Konventionen eines typischen Ausstellungskatalogs herausfordern.<\/p>\n<p>&#8220;Le nombril du monde&#8221; erscheint anl\u00e4sslich der Ausstellung Reto M\u00fcller &#8211; Le nombril du monde, Manor Kunstpreis 2023 im Museum zu Allerheiligen Schaffhausen (25.05.-15.10.2023). Mit freundlicher Unterst\u00fctzung von Manor, Kulturstiftung des Kantons Thurgau, Kunstverein Schaffhausen und Sturzenegger-Stiftung Schaffhausen.<\/p>\n<p>103 Seiten, zahlreiche farbige Abbildungen, deutsch\/englisch<\/p>\n<p>Mit einem Text von Isabelle K\u00f6pfli und einem Gespr\u00e4ch von Reto M\u00fcller, Roland Fr\u00fch und Barbara Signer<\/p>\n<p>Verlag Jungle Books, 2023<\/p>\n<p>https:\/\/www.jungle-books.com\/product\/le-nombril-du-monde\/<\/p>\n","protected":false},"excerpt":{"rendered":"<p>Mit der Ausstellung &#8220;Le nombril du monde&#8221; im Museum zu Allerheiligen in Schaffhausen schafft der K\u00fcnstler ein weites imagin\u00e4res Feld, einen M\u00f6glichkeitsraum zwischen Geologie, lokaler Mythologie und Industriegeschichte, zwischen Absicht und Zufall, Momentaufnahme und Erz\u00e4hlung. Der gleichnamige Katalog dient als Erweiterung der Ausstellung. Reto M\u00fcller er\u00f6rtert im Gespr\u00e4ch mit Roland Fr\u00fch und Barbara Signer verschiedene &hellip; <a href=\"https:\/\/allerheiligen.ch\/en\/produkt\/reto-mueller\/\">Continued<\/a><\/p>\n","protected":false},"featured_media":4689,"template":"","meta":{"_acf_changed":false,"inline_featured_image":false},"product_brand":[],"product_cat":[101,94],"product_tag":[],"class_list":{"0":"post-4688","1":"product","2":"type-product","3":"status-publish","4":"has-post-thumbnail","6":"product_cat-neuste-publikationen","7":"product_cat-kunst","9":"first","10":"instock","11":"shipping-taxable","12":"purchasable","13":"product-type-simple"},"acf":[],"yoast_head":"<!-- This site is optimized with the Yoast SEO plugin v27.1.1 - https:\/\/yoast.com\/product\/yoast-seo-wordpress\/ -->\n<title>Reto M\u00fcller. Le nombril du monde - Museum zu Allerheiligen<\/title>\n<meta name=\"robots\" content=\"index, follow, max-snippet:-1, max-image-preview:large, max-video-preview:-1\" \/>\n<link rel=\"canonical\" href=\"https:\/\/allerheiligen.ch\/en\/produkt\/reto-mueller\/\" \/>\n<meta property=\"og:locale\" content=\"en_GB\" \/>\n<meta property=\"og:type\" content=\"article\" \/>\n<meta property=\"og:title\" content=\"Reto M\u00fcller. Le nombril du monde - Museum zu Allerheiligen\" \/>\n<meta property=\"og:description\" content=\"Mit der Ausstellung &#8220;Le nombril du monde&#8221; im Museum zu Allerheiligen in Schaffhausen schafft der K\u00fcnstler ein weites imagin\u00e4res Feld, einen M\u00f6glichkeitsraum zwischen Geologie, lokaler Mythologie und Industriegeschichte, zwischen Absicht und Zufall, Momentaufnahme und Erz\u00e4hlung. Der gleichnamige Katalog dient als Erweiterung der Ausstellung. Reto M\u00fcller er\u00f6rtert im Gespr\u00e4ch mit Roland Fr\u00fch und Barbara Signer verschiedene &hellip; Continued\" \/>\n<meta property=\"og:url\" content=\"https:\/\/allerheiligen.ch\/en\/produkt\/reto-mueller\/\" \/>\n<meta property=\"og:site_name\" content=\"Museum zu Allerheiligen\" \/>\n<meta property=\"article:modified_time\" content=\"2024-08-20T09:35:31+00:00\" \/>\n<meta property=\"og:image\" content=\"https:\/\/allerheiligen.ch\/wp-content\/uploads\/2023\/10\/Reto-Mueller.jpg\" \/>\n\t<meta property=\"og:image:width\" content=\"922\" \/>\n\t<meta property=\"og:image:height\" content=\"1292\" \/>\n\t<meta property=\"og:image:type\" content=\"image\/jpeg\" \/>\n<meta name=\"twitter:card\" content=\"summary_large_image\" \/>\n<meta name=\"twitter:label1\" content=\"Estimated reading time\" \/>\n\t<meta name=\"twitter:data1\" content=\"1 minute\" \/>\n<script type=\"application\/ld+json\" class=\"yoast-schema-graph\">{\"@context\":\"https:\/\/schema.org\",\"@graph\":[{\"@type\":\"WebPage\",\"@id\":\"https:\/\/allerheiligen.ch\/en\/produkt\/reto-mueller\/\",\"url\":\"https:\/\/allerheiligen.ch\/en\/produkt\/reto-mueller\/\",\"name\":\"Reto M\u00fcller. Le nombril du monde - Museum zu Allerheiligen\",\"isPartOf\":{\"@id\":\"https:\/\/allerheiligen.ch\/en\/#website\"},\"primaryImageOfPage\":{\"@id\":\"https:\/\/allerheiligen.ch\/en\/produkt\/reto-mueller\/#primaryimage\"},\"image\":{\"@id\":\"https:\/\/allerheiligen.ch\/en\/produkt\/reto-mueller\/#primaryimage\"},\"thumbnailUrl\":\"https:\/\/allerheiligen.ch\/wp-content\/uploads\/2023\/10\/Reto-Mueller.jpg\",\"datePublished\":\"2023-10-26T10:29:47+00:00\",\"dateModified\":\"2024-08-20T09:35:31+00:00\",\"breadcrumb\":{\"@id\":\"https:\/\/allerheiligen.ch\/en\/produkt\/reto-mueller\/#breadcrumb\"},\"inLanguage\":\"en-GB\",\"potentialAction\":[{\"@type\":\"ReadAction\",\"target\":[\"https:\/\/allerheiligen.ch\/en\/produkt\/reto-mueller\/\"]}]},{\"@type\":\"ImageObject\",\"inLanguage\":\"en-GB\",\"@id\":\"https:\/\/allerheiligen.ch\/en\/produkt\/reto-mueller\/#primaryimage\",\"url\":\"https:\/\/allerheiligen.ch\/wp-content\/uploads\/2023\/10\/Reto-Mueller.jpg\",\"contentUrl\":\"https:\/\/allerheiligen.ch\/wp-content\/uploads\/2023\/10\/Reto-Mueller.jpg\",\"width\":922,\"height\":1292},{\"@type\":\"BreadcrumbList\",\"@id\":\"https:\/\/allerheiligen.ch\/en\/produkt\/reto-mueller\/#breadcrumb\",\"itemListElement\":[{\"@type\":\"ListItem\",\"position\":1,\"name\":\"Startseite\",\"item\":\"https:\/\/allerheiligen.ch\/en\/\"},{\"@type\":\"ListItem\",\"position\":2,\"name\":\"Online-Shop\",\"item\":\"https:\/\/allerheiligen.ch\/besuchen\/shop\/\"},{\"@type\":\"ListItem\",\"position\":3,\"name\":\"Reto M\u00fcller. Le nombril du monde\"}]},{\"@type\":\"WebSite\",\"@id\":\"https:\/\/allerheiligen.ch\/en\/#website\",\"url\":\"https:\/\/allerheiligen.ch\/en\/\",\"name\":\"Museum zu Allerheiligen\",\"description\":\"Das Museum zu Allerheiligen und das Museum Stemmler freuen sich auf Ihren Besuch.\",\"potentialAction\":[{\"@type\":\"SearchAction\",\"target\":{\"@type\":\"EntryPoint\",\"urlTemplate\":\"https:\/\/allerheiligen.ch\/en\/?s={search_term_string}\"},\"query-input\":{\"@type\":\"PropertyValueSpecification\",\"valueRequired\":true,\"valueName\":\"search_term_string\"}}],\"inLanguage\":\"en-GB\"}]}<\/script>\n<!-- \/ Yoast SEO plugin. -->","yoast_head_json":{"title":"Reto M\u00fcller. Le nombril du monde - Museum zu Allerheiligen","robots":{"index":"index","follow":"follow","max-snippet":"max-snippet:-1","max-image-preview":"max-image-preview:large","max-video-preview":"max-video-preview:-1"},"canonical":"https:\/\/allerheiligen.ch\/en\/produkt\/reto-mueller\/","og_locale":"en_GB","og_type":"article","og_title":"Reto M\u00fcller. Le nombril du monde - Museum zu Allerheiligen","og_description":"Mit der Ausstellung &#8220;Le nombril du monde&#8221; im Museum zu Allerheiligen in Schaffhausen schafft der K\u00fcnstler ein weites imagin\u00e4res Feld, einen M\u00f6glichkeitsraum zwischen Geologie, lokaler Mythologie und Industriegeschichte, zwischen Absicht und Zufall, Momentaufnahme und Erz\u00e4hlung. Der gleichnamige Katalog dient als Erweiterung der Ausstellung. Reto M\u00fcller er\u00f6rtert im Gespr\u00e4ch mit Roland Fr\u00fch und Barbara Signer verschiedene &hellip; Continued","og_url":"https:\/\/allerheiligen.ch\/en\/produkt\/reto-mueller\/","og_site_name":"Museum zu Allerheiligen","article_modified_time":"2024-08-20T09:35:31+00:00","og_image":[{"width":922,"height":1292,"url":"https:\/\/allerheiligen.ch\/wp-content\/uploads\/2023\/10\/Reto-Mueller.jpg","type":"image\/jpeg"}],"twitter_card":"summary_large_image","twitter_misc":{"Estimated reading time":"1 minute"},"schema":{"@context":"https:\/\/schema.org","@graph":[{"@type":"WebPage","@id":"https:\/\/allerheiligen.ch\/en\/produkt\/reto-mueller\/","url":"https:\/\/allerheiligen.ch\/en\/produkt\/reto-mueller\/","name":"Reto M\u00fcller. Le nombril du monde - Museum zu Allerheiligen","isPartOf":{"@id":"https:\/\/allerheiligen.ch\/en\/#website"},"primaryImageOfPage":{"@id":"https:\/\/allerheiligen.ch\/en\/produkt\/reto-mueller\/#primaryimage"},"image":{"@id":"https:\/\/allerheiligen.ch\/en\/produkt\/reto-mueller\/#primaryimage"},"thumbnailUrl":"https:\/\/allerheiligen.ch\/wp-content\/uploads\/2023\/10\/Reto-Mueller.jpg","datePublished":"2023-10-26T10:29:47+00:00","dateModified":"2024-08-20T09:35:31+00:00","breadcrumb":{"@id":"https:\/\/allerheiligen.ch\/en\/produkt\/reto-mueller\/#breadcrumb"},"inLanguage":"en-GB","potentialAction":[{"@type":"ReadAction","target":["https:\/\/allerheiligen.ch\/en\/produkt\/reto-mueller\/"]}]},{"@type":"ImageObject","inLanguage":"en-GB","@id":"https:\/\/allerheiligen.ch\/en\/produkt\/reto-mueller\/#primaryimage","url":"https:\/\/allerheiligen.ch\/wp-content\/uploads\/2023\/10\/Reto-Mueller.jpg","contentUrl":"https:\/\/allerheiligen.ch\/wp-content\/uploads\/2023\/10\/Reto-Mueller.jpg","width":922,"height":1292},{"@type":"BreadcrumbList","@id":"https:\/\/allerheiligen.ch\/en\/produkt\/reto-mueller\/#breadcrumb","itemListElement":[{"@type":"ListItem","position":1,"name":"Startseite","item":"https:\/\/allerheiligen.ch\/en\/"},{"@type":"ListItem","position":2,"name":"Online-Shop","item":"https:\/\/allerheiligen.ch\/besuchen\/shop\/"},{"@type":"ListItem","position":3,"name":"Reto M\u00fcller. Le nombril du monde"}]},{"@type":"WebSite","@id":"https:\/\/allerheiligen.ch\/en\/#website","url":"https:\/\/allerheiligen.ch\/en\/","name":"Museum zu Allerheiligen","description":"Das Museum zu Allerheiligen und das Museum Stemmler freuen sich auf Ihren Besuch.","potentialAction":[{"@type":"SearchAction","target":{"@type":"EntryPoint","urlTemplate":"https:\/\/allerheiligen.ch\/en\/?s={search_term_string}"},"query-input":{"@type":"PropertyValueSpecification","valueRequired":true,"valueName":"search_term_string"}}],"inLanguage":"en-GB"}]}},"_links":{"self":[{"href":"https:\/\/allerheiligen.ch\/en\/wp-json\/wp\/v2\/product\/4688","targetHints":{"allow":["GET"]}}],"collection":[{"href":"https:\/\/allerheiligen.ch\/en\/wp-json\/wp\/v2\/product"}],"about":[{"href":"https:\/\/allerheiligen.ch\/en\/wp-json\/wp\/v2\/types\/product"}],"wp:featuredmedia":[{"embeddable":true,"href":"https:\/\/allerheiligen.ch\/en\/wp-json\/wp\/v2\/media\/4689"}],"wp:attachment":[{"href":"https:\/\/allerheiligen.ch\/en\/wp-json\/wp\/v2\/media?parent=4688"}],"wp:term":[{"taxonomy":"product_brand","embeddable":true,"href":"https:\/\/allerheiligen.ch\/en\/wp-json\/wp\/v2\/product_brand?post=4688"},{"taxonomy":"product_cat","embeddable":true,"href":"https:\/\/allerheiligen.ch\/en\/wp-json\/wp\/v2\/product_cat?post=4688"},{"taxonomy":"product_tag","embeddable":true,"href":"https:\/\/allerheiligen.ch\/en\/wp-json\/wp\/v2\/product_tag?post=4688"}],"curies":[{"name":"wp","href":"https:\/\/api.w.org\/{rel}","templated":true}]}}